{"id":278,"date":"2017-04-15T14:37:29","date_gmt":"2017-04-15T12:37:29","guid":{"rendered":"http:\/\/tuatua\/?page_id=278"},"modified":"2020-08-25T14:31:55","modified_gmt":"2020-08-25T12:31:55","slug":"om-tua","status":"publish","type":"page","link":"https:\/\/www.herrgard.fi\/tuatua\/om-tua\/","title":{"rendered":"Om Tua"},"content":{"rendered":"\n<img loading=\"lazy\" decoding=\"async\" src=\"https:\/\/www.herrgard.fi\/tuatua\/wp-content\/uploads\/2017\/01\/tua.jpeg\" alt=\"tua\" itemprop=\"image\" height=\"291\" width=\"255\">\n\t<p>&nbsp;<\/p>\n<p>ED Tua Herrg\u00e5rd har l\u00e5ng erfarenhet av personal- och ledarskapsutveckling. Hon \u00e4r Ekonomie Doktor i F\u00f6retagsledning och Organisation, med specialisering i Kunskapsledning.<\/p>\n<p>&nbsp;<\/p>\n<p>Hon \u00e4r en av v\u00e4rldens fr\u00e4msta specialister p\u00e5 ledning av Tyst Kunnande. Mera bredd i hennes kunnande f\u00e5r hon genom tidigare arbete som f\u00f6rskolel\u00e4rare och daghemsf\u00f6rest\u00e5ndare. Hennes presentationer inkluderar: Tyst kunskap, L\u00e4rande, Kompetensutveckling, Mentorskap, F\u00f6r\u00e4ndring och Kontinuitetsledning, Olikheter p\u00e5 arbetsplatsen, Coachande ledarskap samt Team och Samarbete.<\/p>\n\t\t\t\t<img decoding=\"async\" src=\"http:\/\/tuatua\/wp-content\/uploads\/2016\/10\/tuaforelasnig.png\" alt=\"tuaforelasnig\" itemprop=\"image\">\n\t<p>Tua \u00e4r en erfaren f\u00f6rel\u00e4sare som har utbildat s\u00e5v\u00e4l universitetsstuderande som f\u00f6retagsledare och personal inom s\u00e5v\u00e4l f\u00f6retag som offentliga sektorn. Internationell erfarenhet har hon som talare p\u00e5 konferenser \u00f6ver hela v\u00e4rlden.<\/p>\n<p>&nbsp;<\/p>\n<p>Hon har ocks\u00e5 fungerat som expert i kunskapsprojekt inom f\u00f6retag och offentliga sektorn. Hon har en l\u00e5ng arbetserfarenhet och f\u00f6rel\u00e4ser p\u00e5 svenska, finska och engelska. Hon \u00e4r en mycket kunnig f\u00f6rel\u00e4sare som g\u00e4rna kryddar sina presentationer med erfarenheter fr\u00e5n arbete i f\u00f6rskola, f\u00f6retag och universitet men ocks\u00e5 fr\u00e5n livet som scoutledare och hantverkare.<\/p>\n<p>&nbsp;<\/p>\n<p>Tua \u00e4r ICF certifierad BusinessCoach som inom arbetslivet coachar s\u00e5v\u00e4l individer som team och grupper.<\/p>\n<p>&nbsp;<\/p>\n<p>&nbsp;<\/p>\n","protected":false},"excerpt":{"rendered":"<p>&nbsp; ED Tua Herrg\u00e5rd har l\u00e5ng erfarenhet av personal- och ledarskapsutveckling. Hon \u00e4r Ekonomie Doktor i F\u00f6retagsledning och Organisation, med specialisering i Kunskapsledning. &nbsp; Hon \u00e4r en av v\u00e4rldens fr\u00e4msta specialister p\u00e5 ledning av Tyst Kunnande. Mera bredd i hennes kunnande f\u00e5r hon genom tidigare arbete som f\u00f6rskolel\u00e4rare och daghemsf\u00f6rest\u00e5ndare. Hennes presentationer inkluderar: Tyst kunskap,&#8230;<\/p>\n","protected":false},"author":1,"featured_media":0,"parent":0,"menu_order":0,"comment_status":"closed","ping_status":"closed","template":"full-width-page.php","meta":{"footnotes":""},"class_list":["post-278","page","type-page","status-publish","hentry"],"yoast_head":"<!-- This site is optimized with the Yoast SEO plugin v27.3 - https:\/\/yoast.com\/product\/yoast-seo-wordpress\/ -->\n<title>Om Tua - Tua Herrg&aring;rd<\/title>\n<meta name=\"robots\" content=\"index, follow, max-snippet:-1, max-image-preview:large, max-video-preview:-1\" \/>\n<link rel=\"canonical\" href=\"https:\/\/www.herrgard.fi\/tuatua\/om-tua\/\" \/>\n<meta property=\"og:locale\" content=\"en_US\" \/>\n<meta property=\"og:type\" content=\"article\" \/>\n<meta property=\"og:title\" content=\"Om Tua - Tua Herrg&aring;rd\" \/>\n<meta property=\"og:description\" content=\"&nbsp; ED Tua Herrg\u00e5rd har l\u00e5ng erfarenhet av personal- och ledarskapsutveckling. Hon \u00e4r Ekonomie Doktor i F\u00f6retagsledning och Organisation, med specialisering i Kunskapsledning. &nbsp; Hon \u00e4r en av v\u00e4rldens fr\u00e4msta specialister p\u00e5 ledning av Tyst Kunnande. Mera bredd i hennes kunnande f\u00e5r hon genom tidigare arbete som f\u00f6rskolel\u00e4rare och daghemsf\u00f6rest\u00e5ndare. Hennes presentationer inkluderar: Tyst kunskap,...\" \/>\n<meta property=\"og:url\" content=\"https:\/\/www.herrgard.fi\/tuatua\/om-tua\/\" \/>\n<meta property=\"og:site_name\" content=\"Tua Herrg&aring;rd\" \/>\n<meta property=\"article:publisher\" content=\"https:\/\/www.facebook.com\/THBrainBooster\/?fref=ts\" \/>\n<meta property=\"article:modified_time\" content=\"2020-08-25T12:31:55+00:00\" \/>\n<meta property=\"og:image\" content=\"https:\/\/www.herrgard.fi\/tuatua\/wp-content\/uploads\/2017\/01\/tua.jpeg\" \/>\n<meta name=\"twitter:card\" content=\"summary_large_image\" \/>\n<meta name=\"twitter:label1\" content=\"Est. reading time\" \/>\n\t<meta name=\"twitter:data1\" content=\"1 minute\" \/>\n<script type=\"application\/ld+json\" class=\"yoast-schema-graph\">{\"@context\":\"https:\\\/\\\/schema.org\",\"@graph\":[{\"@type\":\"WebPage\",\"@id\":\"https:\\\/\\\/www.herrgard.fi\\\/tuatua\\\/om-tua\\\/\",\"url\":\"https:\\\/\\\/www.herrgard.fi\\\/tuatua\\\/om-tua\\\/\",\"name\":\"Om Tua - Tua Herrg&aring;rd\",\"isPartOf\":{\"@id\":\"https:\\\/\\\/www.herrgard.fi\\\/tuatua\\\/#website\"},\"primaryImageOfPage\":{\"@id\":\"https:\\\/\\\/www.herrgard.fi\\\/tuatua\\\/om-tua\\\/#primaryimage\"},\"image\":{\"@id\":\"https:\\\/\\\/www.herrgard.fi\\\/tuatua\\\/om-tua\\\/#primaryimage\"},\"thumbnailUrl\":\"https:\\\/\\\/www.herrgard.fi\\\/tuatua\\\/wp-content\\\/uploads\\\/2017\\\/01\\\/tua.jpeg\",\"datePublished\":\"2017-04-15T12:37:29+00:00\",\"dateModified\":\"2020-08-25T12:31:55+00:00\",\"breadcrumb\":{\"@id\":\"https:\\\/\\\/www.herrgard.fi\\\/tuatua\\\/om-tua\\\/#breadcrumb\"},\"inLanguage\":\"en\",\"potentialAction\":[{\"@type\":\"ReadAction\",\"target\":[\"https:\\\/\\\/www.herrgard.fi\\\/tuatua\\\/om-tua\\\/\"]}]},{\"@type\":\"ImageObject\",\"inLanguage\":\"en\",\"@id\":\"https:\\\/\\\/www.herrgard.fi\\\/tuatua\\\/om-tua\\\/#primaryimage\",\"url\":\"https:\\\/\\\/www.herrgard.fi\\\/tuatua\\\/wp-content\\\/uploads\\\/2017\\\/01\\\/tua.jpeg\",\"contentUrl\":\"https:\\\/\\\/www.herrgard.fi\\\/tuatua\\\/wp-content\\\/uploads\\\/2017\\\/01\\\/tua.jpeg\",\"width\":255,\"height\":291},{\"@type\":\"BreadcrumbList\",\"@id\":\"https:\\\/\\\/www.herrgard.fi\\\/tuatua\\\/om-tua\\\/#breadcrumb\",\"itemListElement\":[{\"@type\":\"ListItem\",\"position\":1,\"name\":\"Home\",\"item\":\"https:\\\/\\\/www.herrgard.fi\\\/tuatua\\\/\"},{\"@type\":\"ListItem\",\"position\":2,\"name\":\"Om Tua\"}]},{\"@type\":\"WebSite\",\"@id\":\"https:\\\/\\\/www.herrgard.fi\\\/tuatua\\\/#website\",\"url\":\"https:\\\/\\\/www.herrgard.fi\\\/tuatua\\\/\",\"name\":\"Tua Herrg\u00e5rd\",\"description\":\"&quot;Erfarenhet ger kunnande&quot;\",\"potentialAction\":[{\"@type\":\"SearchAction\",\"target\":{\"@type\":\"EntryPoint\",\"urlTemplate\":\"https:\\\/\\\/www.herrgard.fi\\\/tuatua\\\/?s={search_term_string}\"},\"query-input\":{\"@type\":\"PropertyValueSpecification\",\"valueRequired\":true,\"valueName\":\"search_term_string\"}}],\"inLanguage\":\"en\"}]}<\/script>\n<!-- \/ Yoast SEO plugin. -->","yoast_head_json":{"title":"Om Tua - Tua Herrg&aring;rd","robots":{"index":"index","follow":"follow","max-snippet":"max-snippet:-1","max-image-preview":"max-image-preview:large","max-video-preview":"max-video-preview:-1"},"canonical":"https:\/\/www.herrgard.fi\/tuatua\/om-tua\/","og_locale":"en_US","og_type":"article","og_title":"Om Tua - Tua Herrg&aring;rd","og_description":"&nbsp; ED Tua Herrg\u00e5rd har l\u00e5ng erfarenhet av personal- och ledarskapsutveckling. Hon \u00e4r Ekonomie Doktor i F\u00f6retagsledning och Organisation, med specialisering i Kunskapsledning. &nbsp; Hon \u00e4r en av v\u00e4rldens fr\u00e4msta specialister p\u00e5 ledning av Tyst Kunnande. Mera bredd i hennes kunnande f\u00e5r hon genom tidigare arbete som f\u00f6rskolel\u00e4rare och daghemsf\u00f6rest\u00e5ndare. Hennes presentationer inkluderar: Tyst kunskap,...","og_url":"https:\/\/www.herrgard.fi\/tuatua\/om-tua\/","og_site_name":"Tua Herrg&aring;rd","article_publisher":"https:\/\/www.facebook.com\/THBrainBooster\/?fref=ts","article_modified_time":"2020-08-25T12:31:55+00:00","og_image":[{"url":"https:\/\/www.herrgard.fi\/tuatua\/wp-content\/uploads\/2017\/01\/tua.jpeg","type":"","width":"","height":""}],"twitter_card":"summary_large_image","twitter_misc":{"Est. reading time":"1 minute"},"schema":{"@context":"https:\/\/schema.org","@graph":[{"@type":"WebPage","@id":"https:\/\/www.herrgard.fi\/tuatua\/om-tua\/","url":"https:\/\/www.herrgard.fi\/tuatua\/om-tua\/","name":"Om Tua - Tua Herrg&aring;rd","isPartOf":{"@id":"https:\/\/www.herrgard.fi\/tuatua\/#website"},"primaryImageOfPage":{"@id":"https:\/\/www.herrgard.fi\/tuatua\/om-tua\/#primaryimage"},"image":{"@id":"https:\/\/www.herrgard.fi\/tuatua\/om-tua\/#primaryimage"},"thumbnailUrl":"https:\/\/www.herrgard.fi\/tuatua\/wp-content\/uploads\/2017\/01\/tua.jpeg","datePublished":"2017-04-15T12:37:29+00:00","dateModified":"2020-08-25T12:31:55+00:00","breadcrumb":{"@id":"https:\/\/www.herrgard.fi\/tuatua\/om-tua\/#breadcrumb"},"inLanguage":"en","potentialAction":[{"@type":"ReadAction","target":["https:\/\/www.herrgard.fi\/tuatua\/om-tua\/"]}]},{"@type":"ImageObject","inLanguage":"en","@id":"https:\/\/www.herrgard.fi\/tuatua\/om-tua\/#primaryimage","url":"https:\/\/www.herrgard.fi\/tuatua\/wp-content\/uploads\/2017\/01\/tua.jpeg","contentUrl":"https:\/\/www.herrgard.fi\/tuatua\/wp-content\/uploads\/2017\/01\/tua.jpeg","width":255,"height":291},{"@type":"BreadcrumbList","@id":"https:\/\/www.herrgard.fi\/tuatua\/om-tua\/#breadcrumb","itemListElement":[{"@type":"ListItem","position":1,"name":"Home","item":"https:\/\/www.herrgard.fi\/tuatua\/"},{"@type":"ListItem","position":2,"name":"Om Tua"}]},{"@type":"WebSite","@id":"https:\/\/www.herrgard.fi\/tuatua\/#website","url":"https:\/\/www.herrgard.fi\/tuatua\/","name":"Tua Herrg\u00e5rd","description":"&quot;Erfarenhet ger kunnande&quot;","potentialAction":[{"@type":"SearchAction","target":{"@type":"EntryPoint","urlTemplate":"https:\/\/www.herrgard.fi\/tuatua\/?s={search_term_string}"},"query-input":{"@type":"PropertyValueSpecification","valueRequired":true,"valueName":"search_term_string"}}],"inLanguage":"en"}]}},"_links":{"self":[{"href":"https:\/\/www.herrgard.fi\/tuatua\/wp-json\/wp\/v2\/pages\/278","targetHints":{"allow":["GET"]}}],"collection":[{"href":"https:\/\/www.herrgard.fi\/tuatua\/wp-json\/wp\/v2\/pages"}],"about":[{"href":"https:\/\/www.herrgard.fi\/tuatua\/wp-json\/wp\/v2\/types\/page"}],"author":[{"embeddable":true,"href":"https:\/\/www.herrgard.fi\/tuatua\/wp-json\/wp\/v2\/users\/1"}],"replies":[{"embeddable":true,"href":"https:\/\/www.herrgard.fi\/tuatua\/wp-json\/wp\/v2\/comments?post=278"}],"version-history":[{"count":12,"href":"https:\/\/www.herrgard.fi\/tuatua\/wp-json\/wp\/v2\/pages\/278\/revisions"}],"predecessor-version":[{"id":396,"href":"https:\/\/www.herrgard.fi\/tuatua\/wp-json\/wp\/v2\/pages\/278\/revisions\/396"}],"wp:attachment":[{"href":"https:\/\/www.herrgard.fi\/tuatua\/wp-json\/wp\/v2\/media?parent=278"}],"curies":[{"name":"wp","href":"https:\/\/api.w.org\/{rel}","templated":true}]}}