{"id":32,"date":"2016-10-17T18:50:35","date_gmt":"2016-10-17T18:50:35","guid":{"rendered":"http:\/\/tuatua\/?page_id=32"},"modified":"2021-10-10T13:52:01","modified_gmt":"2021-10-10T11:52:01","slug":"start","status":"publish","type":"page","link":"https:\/\/www.herrgard.fi\/tuatua\/","title":{"rendered":"Start"},"content":{"rendered":"\n<h1 style=\"text-align: center;\">MOT B\u00c4TTRE ARBETSLIV OCH LEDARSKAP<\/h1>\n\n\t&#8220;Ledarskap, teamarbete, coachande ledarskap, tyst kunnande, kunskapsledning, kunskapspridning, utvecklingssamtal och ledning av olikheter&nbsp;\n\t\t\t\t<a href=\"https:\/\/www.herrgard.fi\/tuatua\/utbildning\/\" target=\"_self\" itemprop=\"url\" rel=\"noopener\">\n\t\t\t\t<img loading=\"lazy\" decoding=\"async\" src=\"https:\/\/www.herrgard.fi\/tuatua\/wp-content\/uploads\/2016\/10\/CardFrontEduBrown600x600.png\" alt=\"tuaTua Utbildning\" itemprop=\"image\" height=\"600\" width=\"600\">\n\t\t\t\t<\/a>\n\t\t\t\t<a href=\"https:\/\/www.herrgard.fi\/tuatua\/utbildning\/#utbildning_coaching\" target=\"_self\" itemprop=\"url\" rel=\"noopener\">\n\t\t\t\t<img loading=\"lazy\" decoding=\"async\" src=\"https:\/\/www.herrgard.fi\/tuatua\/wp-content\/uploads\/2016\/10\/coachning.png\" alt=\"Coachning\" itemprop=\"image\" height=\"600\" width=\"600\">\n\t\t\t\t<\/a>\n\t\t\t\t<a href=\"https:\/\/www.herrgard.fi\/tuatua\/utbildning\/#utbildning_kunskapsspel\" target=\"_self\" itemprop=\"url\" rel=\"noopener\">\n\t\t\t\t<img loading=\"lazy\" decoding=\"async\" src=\"https:\/\/www.herrgard.fi\/tuatua\/wp-content\/uploads\/2017\/01\/kunskapsspel.png\" alt=\"Kunskapsspel\" itemprop=\"image\" height=\"600\" width=\"600\">\n\t\t\t\t<\/a>\n\t&#8220;Tillf\u00e4llen med Tua har varit inspirerande. Jag \u00e5terg\u00e5r till arbetet med nya krafter och \u00e5stadkommer saker&#8221;\n<p>&nbsp;<\/p>\n\t&#8220;Jag t\u00e4nker s\u00e5 &nbsp;kloka tankar med Tua&#8221;\n","protected":false},"excerpt":{"rendered":"<p>MOT B\u00c4TTRE ARBETSLIV OCH LEDARSKAP &#8220;Ledarskap, teamarbete, coachande ledarskap, tyst kunnande, kunskapsledning, kunskapspridning, utvecklingssamtal och ledning av olikheter&nbsp; &#8220;Tillf\u00e4llen med Tua har varit inspirerande. Jag \u00e5terg\u00e5r till arbetet med nya krafter och \u00e5stadkommer saker&#8221; &nbsp; &#8220;Jag t\u00e4nker s\u00e5 &nbsp;kloka tankar med Tua&#8221;<\/p>\n","protected":false},"author":1,"featured_media":0,"parent":0,"menu_order":0,"comment_status":"closed","ping_status":"closed","template":"full-width-page.php","meta":{"footnotes":""},"class_list":["post-32","page","type-page","status-publish","hentry"],"yoast_head":"<!-- This site is optimized with the Yoast SEO plugin v27.3 - https:\/\/yoast.com\/product\/yoast-seo-wordpress\/ -->\n<title>Start - Tua Herrg&aring;rd<\/title>\n<meta name=\"robots\" content=\"index, follow, max-snippet:-1, max-image-preview:large, max-video-preview:-1\" \/>\n<link rel=\"canonical\" href=\"https:\/\/www.herrgard.fi\/tuatua\/\" \/>\n<meta property=\"og:locale\" content=\"en_US\" \/>\n<meta property=\"og:type\" content=\"article\" \/>\n<meta property=\"og:title\" content=\"Start - Tua Herrg&aring;rd\" \/>\n<meta property=\"og:description\" content=\"MOT B\u00c4TTRE ARBETSLIV OCH LEDARSKAP &#8220;Ledarskap, teamarbete, coachande ledarskap, tyst kunnande, kunskapsledning, kunskapspridning, utvecklingssamtal och ledning av olikheter&nbsp; &#8220;Tillf\u00e4llen med Tua har varit inspirerande. Jag \u00e5terg\u00e5r till arbetet med nya krafter och \u00e5stadkommer saker&#8221; &nbsp; &#8220;Jag t\u00e4nker s\u00e5 &nbsp;kloka tankar med Tua&#8221;\" \/>\n<meta property=\"og:url\" content=\"https:\/\/www.herrgard.fi\/tuatua\/\" \/>\n<meta property=\"og:site_name\" content=\"Tua Herrg&aring;rd\" \/>\n<meta property=\"article:publisher\" content=\"https:\/\/www.facebook.com\/THBrainBooster\/?fref=ts\" \/>\n<meta property=\"article:modified_time\" content=\"2021-10-10T11:52:01+00:00\" \/>\n<meta property=\"og:image\" content=\"https:\/\/www.herrgard.fi\/tuatua\/wp-content\/uploads\/2016\/10\/CardFrontEduBrown600x600.png\" \/>\n<meta name=\"twitter:card\" content=\"summary_large_image\" \/>\n<meta name=\"twitter:label1\" content=\"Est. reading time\" \/>\n\t<meta name=\"twitter:data1\" content=\"1 minute\" \/>\n<script type=\"application\/ld+json\" class=\"yoast-schema-graph\">{\"@context\":\"https:\\\/\\\/schema.org\",\"@graph\":[{\"@type\":\"WebPage\",\"@id\":\"https:\\\/\\\/www.herrgard.fi\\\/tuatua\\\/\",\"url\":\"https:\\\/\\\/www.herrgard.fi\\\/tuatua\\\/\",\"name\":\"Start - Tua Herrg&aring;rd\",\"isPartOf\":{\"@id\":\"https:\\\/\\\/www.herrgard.fi\\\/tuatua\\\/#website\"},\"primaryImageOfPage\":{\"@id\":\"https:\\\/\\\/www.herrgard.fi\\\/tuatua\\\/#primaryimage\"},\"image\":{\"@id\":\"https:\\\/\\\/www.herrgard.fi\\\/tuatua\\\/#primaryimage\"},\"thumbnailUrl\":\"https:\\\/\\\/www.herrgard.fi\\\/tuatua\\\/wp-content\\\/uploads\\\/2016\\\/10\\\/CardFrontEduBrown600x600.png\",\"datePublished\":\"2016-10-17T18:50:35+00:00\",\"dateModified\":\"2021-10-10T11:52:01+00:00\",\"breadcrumb\":{\"@id\":\"https:\\\/\\\/www.herrgard.fi\\\/tuatua\\\/#breadcrumb\"},\"inLanguage\":\"en\",\"potentialAction\":[{\"@type\":\"ReadAction\",\"target\":[\"https:\\\/\\\/www.herrgard.fi\\\/tuatua\\\/\"]}]},{\"@type\":\"ImageObject\",\"inLanguage\":\"en\",\"@id\":\"https:\\\/\\\/www.herrgard.fi\\\/tuatua\\\/#primaryimage\",\"url\":\"https:\\\/\\\/www.herrgard.fi\\\/tuatua\\\/wp-content\\\/uploads\\\/2016\\\/10\\\/CardFrontEduBrown600x600.png\",\"contentUrl\":\"https:\\\/\\\/www.herrgard.fi\\\/tuatua\\\/wp-content\\\/uploads\\\/2016\\\/10\\\/CardFrontEduBrown600x600.png\",\"width\":600,\"height\":600,\"caption\":\"Utveckling Utbildning\"},{\"@type\":\"BreadcrumbList\",\"@id\":\"https:\\\/\\\/www.herrgard.fi\\\/tuatua\\\/#breadcrumb\",\"itemListElement\":[{\"@type\":\"ListItem\",\"position\":1,\"name\":\"Home\",\"item\":\"https:\\\/\\\/www.herrgard.fi\\\/tuatua\\\/\"},{\"@type\":\"ListItem\",\"position\":2,\"name\":\"Start\"}]},{\"@type\":\"WebSite\",\"@id\":\"https:\\\/\\\/www.herrgard.fi\\\/tuatua\\\/#website\",\"url\":\"https:\\\/\\\/www.herrgard.fi\\\/tuatua\\\/\",\"name\":\"Tua Herrg\u00e5rd\",\"description\":\"&quot;Erfarenhet ger kunnande&quot;\",\"potentialAction\":[{\"@type\":\"SearchAction\",\"target\":{\"@type\":\"EntryPoint\",\"urlTemplate\":\"https:\\\/\\\/www.herrgard.fi\\\/tuatua\\\/?s={search_term_string}\"},\"query-input\":{\"@type\":\"PropertyValueSpecification\",\"valueRequired\":true,\"valueName\":\"search_term_string\"}}],\"inLanguage\":\"en\"}]}<\/script>\n<!-- \/ Yoast SEO plugin. -->","yoast_head_json":{"title":"Start - Tua Herrg&aring;rd","robots":{"index":"index","follow":"follow","max-snippet":"max-snippet:-1","max-image-preview":"max-image-preview:large","max-video-preview":"max-video-preview:-1"},"canonical":"https:\/\/www.herrgard.fi\/tuatua\/","og_locale":"en_US","og_type":"article","og_title":"Start - Tua Herrg&aring;rd","og_description":"MOT B\u00c4TTRE ARBETSLIV OCH LEDARSKAP &#8220;Ledarskap, teamarbete, coachande ledarskap, tyst kunnande, kunskapsledning, kunskapspridning, utvecklingssamtal och ledning av olikheter&nbsp; &#8220;Tillf\u00e4llen med Tua har varit inspirerande. Jag \u00e5terg\u00e5r till arbetet med nya krafter och \u00e5stadkommer saker&#8221; &nbsp; &#8220;Jag t\u00e4nker s\u00e5 &nbsp;kloka tankar med Tua&#8221;","og_url":"https:\/\/www.herrgard.fi\/tuatua\/","og_site_name":"Tua Herrg&aring;rd","article_publisher":"https:\/\/www.facebook.com\/THBrainBooster\/?fref=ts","article_modified_time":"2021-10-10T11:52:01+00:00","og_image":[{"url":"https:\/\/www.herrgard.fi\/tuatua\/wp-content\/uploads\/2016\/10\/CardFrontEduBrown600x600.png","type":"","width":"","height":""}],"twitter_card":"summary_large_image","twitter_misc":{"Est. reading time":"1 minute"},"schema":{"@context":"https:\/\/schema.org","@graph":[{"@type":"WebPage","@id":"https:\/\/www.herrgard.fi\/tuatua\/","url":"https:\/\/www.herrgard.fi\/tuatua\/","name":"Start - Tua Herrg&aring;rd","isPartOf":{"@id":"https:\/\/www.herrgard.fi\/tuatua\/#website"},"primaryImageOfPage":{"@id":"https:\/\/www.herrgard.fi\/tuatua\/#primaryimage"},"image":{"@id":"https:\/\/www.herrgard.fi\/tuatua\/#primaryimage"},"thumbnailUrl":"https:\/\/www.herrgard.fi\/tuatua\/wp-content\/uploads\/2016\/10\/CardFrontEduBrown600x600.png","datePublished":"2016-10-17T18:50:35+00:00","dateModified":"2021-10-10T11:52:01+00:00","breadcrumb":{"@id":"https:\/\/www.herrgard.fi\/tuatua\/#breadcrumb"},"inLanguage":"en","potentialAction":[{"@type":"ReadAction","target":["https:\/\/www.herrgard.fi\/tuatua\/"]}]},{"@type":"ImageObject","inLanguage":"en","@id":"https:\/\/www.herrgard.fi\/tuatua\/#primaryimage","url":"https:\/\/www.herrgard.fi\/tuatua\/wp-content\/uploads\/2016\/10\/CardFrontEduBrown600x600.png","contentUrl":"https:\/\/www.herrgard.fi\/tuatua\/wp-content\/uploads\/2016\/10\/CardFrontEduBrown600x600.png","width":600,"height":600,"caption":"Utveckling Utbildning"},{"@type":"BreadcrumbList","@id":"https:\/\/www.herrgard.fi\/tuatua\/#breadcrumb","itemListElement":[{"@type":"ListItem","position":1,"name":"Home","item":"https:\/\/www.herrgard.fi\/tuatua\/"},{"@type":"ListItem","position":2,"name":"Start"}]},{"@type":"WebSite","@id":"https:\/\/www.herrgard.fi\/tuatua\/#website","url":"https:\/\/www.herrgard.fi\/tuatua\/","name":"Tua Herrg\u00e5rd","description":"&quot;Erfarenhet ger kunnande&quot;","potentialAction":[{"@type":"SearchAction","target":{"@type":"EntryPoint","urlTemplate":"https:\/\/www.herrgard.fi\/tuatua\/?s={search_term_string}"},"query-input":{"@type":"PropertyValueSpecification","valueRequired":true,"valueName":"search_term_string"}}],"inLanguage":"en"}]}},"_links":{"self":[{"href":"https:\/\/www.herrgard.fi\/tuatua\/wp-json\/wp\/v2\/pages\/32","targetHints":{"allow":["GET"]}}],"collection":[{"href":"https:\/\/www.herrgard.fi\/tuatua\/wp-json\/wp\/v2\/pages"}],"about":[{"href":"https:\/\/www.herrgard.fi\/tuatua\/wp-json\/wp\/v2\/types\/page"}],"author":[{"embeddable":true,"href":"https:\/\/www.herrgard.fi\/tuatua\/wp-json\/wp\/v2\/users\/1"}],"replies":[{"embeddable":true,"href":"https:\/\/www.herrgard.fi\/tuatua\/wp-json\/wp\/v2\/comments?post=32"}],"version-history":[{"count":38,"href":"https:\/\/www.herrgard.fi\/tuatua\/wp-json\/wp\/v2\/pages\/32\/revisions"}],"predecessor-version":[{"id":403,"href":"https:\/\/www.herrgard.fi\/tuatua\/wp-json\/wp\/v2\/pages\/32\/revisions\/403"}],"wp:attachment":[{"href":"https:\/\/www.herrgard.fi\/tuatua\/wp-json\/wp\/v2\/media?parent=32"}],"curies":[{"name":"wp","href":"https:\/\/api.w.org\/{rel}","templated":true}]}}